{"id":67,"date":"2019-10-17T20:15:26","date_gmt":"2019-10-17T18:15:26","guid":{"rendered":"https:\/\/eroticphotography.site\/?page_id=67"},"modified":"2025-02-05T23:01:52","modified_gmt":"2025-02-05T22:01:52","slug":"impressum","status":"publish","type":"page","link":"https:\/\/www.eroticagency.de\/index.php\/impressum\/","title":{"rendered":"Impressum"},"content":{"rendered":"\t\t<div data-elementor-type=\"wp-page\" data-elementor-id=\"67\" class=\"elementor elementor-67\">\n\t\t\t\t\t\t<section class=\"elementor-section elementor-top-section elementor-element elementor-element-4d8c5be5 elementor-section-boxed elementor-section-height-default elementor-section-height-default\" data-id=\"4d8c5be5\" data-element_type=\"section\">\n\t\t\t\t\t\t<div class=\"elementor-container elementor-column-gap-default\">\n\t\t\t\t\t<div class=\"elementor-column elementor-col-100 elementor-top-column elementor-element elementor-element-2392de\" data-id=\"2392de\" data-element_type=\"column\">\n\t\t\t<div class=\"elementor-widget-wrap elementor-element-populated\">\n\t\t\t\t\t\t<div class=\"elementor-element elementor-element-2e9f7e7 elementor-widget-divider--view-line elementor-widget elementor-widget-divider\" data-id=\"2e9f7e7\" data-element_type=\"widget\" data-widget_type=\"divider.default\">\n\t\t\t\t<div class=\"elementor-widget-container\">\n\t\t\t\t\t\t\t<div class=\"elementor-divider\">\n\t\t\t<span class=\"elementor-divider-separator\">\n\t\t\t\t\t\t<\/span>\n\t\t<\/div>\n\t\t\t\t\t\t<\/div>\n\t\t\t\t<\/div>\n\t\t\t\t<div class=\"elementor-element elementor-element-3c240654 elementor-widget__width-initial elementor-widget elementor-widget-text-editor\" data-id=\"3c240654\" data-element_type=\"widget\" data-widget_type=\"text-editor.default\">\n\t\t\t\t<div class=\"elementor-widget-container\">\n\t\t\t\t\t\t\t\t\t<div class=\"flex_column av-1rof4-b5ddae0559e731254f6f3a90e1ede69f av_three_fifth avia-builder-el-1 el_after_av_one_fifth el_before_av_one_fifth flex_column_div av-zero-column-padding \">\n<section class=\"av_textblock_section av-kp32tdv8-f075f8e4236e472ddb437d6427a58bec \">\n<div class=\"avia_textblock\">\n<p>Rechtliche Angaben<\/p>\n<p>Angaben gem\u00e4\u00df \u00a7 5 TMG<\/p>\n<p>Eroticagency.de<br>Rainer Suck<br>Haubachstra\u00dfe 18<br>DE-22765 Hamburg<\/p>\n<p>Umsatzsteuer-ID: DE815793982<\/p>\n<p>Kontaktinformation<\/p>\n<p>E-Mail: mail@eroticagency.de<br>Internetadresse: www.eroticagency.de<br>\u202dTel: \u202d+49 176 25092709<\/p>\n<p>Haftungsausschluss<\/p>\n<p>Verantwortlichkeit f\u00fcr Inhalte<\/p>\n<p>Der Inhalt unserer Seiten wurde mit gr\u00f6\u00dfter Sorgfalt erstellt. Wir k\u00f6nnen jedoch nicht die Richtigkeit, Vollst\u00e4ndigkeit oder Aktualit\u00e4t der Inhalte garantieren. Nach den gesetzlichen Bestimmungen sind wir weiterhin f\u00fcr unsere eigenen Inhalte auf diesen Webseiten verantwortlich. Bitte beachten Sie in diesem Zusammenhang, dass wir nicht verpflichtet sind, die \u00fcbermittelten oder gespeicherten Informationen Dritter zu \u00fcberwachen oder Umst\u00e4nde zu untersuchen, die auf illegale Aktivit\u00e4ten hinweisen. Unsere Verpflichtung, die Verwendung von Informationen nach allgemein geltenden Gesetzen zu entfernen oder zu blockieren, bleibt davon gem\u00e4\u00df \u00a7\u00a7 8 bis 10 des Telemediengesetzes (TMG) unber\u00fchrt.<\/p>\n<p>Verantwortlichkeit f\u00fcr Links<\/p>\n<p>Die Verantwortung f\u00fcr den Inhalt externer Links (zu Webseiten Dritter) liegt ausschlie\u00dflich bei den Betreibern der verlinkten Seiten. Zum Zeitpunkt der Verkn\u00fcpfung waren f\u00fcr uns keine Verst\u00f6\u00dfe erkennbar. Sollte uns ein Rechtsversto\u00df bekannt werden, werden wir den jeweiligen Link umgehend entfernen.<\/p>\n<p>Urheberrechte \u00a9<\/p>\n<p>Unsere Webseiten und deren Inhalte unterliegen dem deutschen Urheberrecht. Sofern gesetzlich nicht ausdr\u00fccklich gestattet, bedarf jede Form der Nutzung, Vervielf\u00e4ltigung oder Verarbeitung urheberrechtlich gesch\u00fctzter Werke auf unseren Webseiten der vorherigen Zustimmung des jeweiligen Rechteinhabers. Einzelne Reproduktionen eines Werkes sind nur f\u00fcr den privaten Gebrauch gestattet. Die Materialien auf diesen Seiten sind urheberrechtlich gesch\u00fctzt und jede nicht autorisierte Verwendung kann gegen das Urheberrecht versto\u00dfen.<\/p>\n<\/div>\n<\/section>\n<\/div>\n<p><!-- \/wp:paragraph --><\/p>\t\t\t\t\t\t\t\t<\/div>\n\t\t\t\t<\/div>\n\t\t\t\t<div class=\"elementor-element elementor-element-da42334 elementor-widget-divider--view-line elementor-widget elementor-widget-divider\" data-id=\"da42334\" data-element_type=\"widget\" data-widget_type=\"divider.default\">\n\t\t\t\t<div class=\"elementor-widget-container\">\n\t\t\t\t\t\t\t<div class=\"elementor-divider\">\n\t\t\t<span class=\"elementor-divider-separator\">\n\t\t\t\t\t\t<\/span>\n\t\t<\/div>\n\t\t\t\t\t\t<\/div>\n\t\t\t\t<\/div>\n\t\t\t\t\t<\/div>\n\t\t<\/div>\n\t\t\t\t\t<\/div>\n\t\t<\/section>\n\t\t\t\t<\/div>\n\t\t","protected":false},"excerpt":{"rendered":"<p>Rechtliche Angaben Angaben gem\u00e4\u00df \u00a7 5 TMG Eroticagency.deRainer SuckHaubachstra\u00dfe 18DE-22765 Hamburg Umsatzsteuer-ID: DE815793982 Kontaktinformation E-Mail: mail@eroticagency.deInternetadresse: www.eroticagency.de\u202dTel: \u202d+49 176 25092709 Haftungsausschluss Verantwortlichkeit f\u00fcr Inhalte Der Inhalt unserer Seiten wurde mit gr\u00f6\u00dfter Sorgfalt erstellt. Wir k\u00f6nnen jedoch nicht die Richtigkeit, Vollst\u00e4ndigkeit oder Aktualit\u00e4t der Inhalte garantieren. Nach den gesetzlichen Bestimmungen sind wir weiterhin f\u00fcr unsere eigenen [&hellip;]<\/p>\n","protected":false},"author":1,"featured_media":0,"parent":0,"menu_order":0,"comment_status":"closed","ping_status":"closed","template":"","meta":{"footnotes":""},"class_list":["post-67","page","type-page","status-publish","hentry"],"yoast_head":"<!-- This site is optimized with the Yoast SEO plugin v24.9 - https:\/\/yoast.com\/wordpress\/plugins\/seo\/ -->\n<title>Impressum | Erotic-Agency<\/title>\n<meta name=\"description\" content=\"portfolio from www.eroticshot.de\" \/>\n<meta name=\"robots\" content=\"noindex, follow, max-snippet:-1, max-image-preview:large, max-video-preview:-1\" \/>\n<meta property=\"og:locale\" content=\"de_DE\" \/>\n<meta property=\"og:type\" content=\"article\" \/>\n<meta property=\"og:title\" content=\"Impressum | Erotic-Agency\" \/>\n<meta property=\"og:description\" content=\"portfolio from www.eroticshot.de\" \/>\n<meta property=\"og:url\" content=\"https:\/\/www.eroticagency.de\/index.php\/impressum\/\" \/>\n<meta property=\"og:site_name\" content=\"Erotic-Agency\" \/>\n<meta property=\"article:modified_time\" content=\"2025-02-05T22:01:52+00:00\" \/>\n<meta name=\"twitter:card\" content=\"summary_large_image\" \/>\n<meta name=\"twitter:label1\" content=\"Gesch\u00e4tzte Lesezeit\" \/>\n\t<meta name=\"twitter:data1\" content=\"2\u00a0Minuten\" \/>\n<script type=\"application\/ld+json\" class=\"yoast-schema-graph\">{\"@context\":\"https:\/\/schema.org\",\"@graph\":[{\"@type\":\"WebPage\",\"@id\":\"https:\/\/www.eroticagency.de\/index.php\/impressum\/\",\"url\":\"https:\/\/www.eroticagency.de\/index.php\/impressum\/\",\"name\":\"Impressum | Erotic-Agency\",\"isPartOf\":{\"@id\":\"https:\/\/www.eroticagency.de\/#website\"},\"datePublished\":\"2019-10-17T18:15:26+00:00\",\"dateModified\":\"2025-02-05T22:01:52+00:00\",\"description\":\"portfolio from www.eroticshot.de\",\"breadcrumb\":{\"@id\":\"https:\/\/www.eroticagency.de\/index.php\/impressum\/#breadcrumb\"},\"inLanguage\":\"de\",\"potentialAction\":[{\"@type\":\"ReadAction\",\"target\":[\"https:\/\/www.eroticagency.de\/index.php\/impressum\/\"]}]},{\"@type\":\"BreadcrumbList\",\"@id\":\"https:\/\/www.eroticagency.de\/index.php\/impressum\/#breadcrumb\",\"itemListElement\":[{\"@type\":\"ListItem\",\"position\":1,\"name\":\"Startseite\",\"item\":\"https:\/\/www.eroticagency.de\/\"},{\"@type\":\"ListItem\",\"position\":2,\"name\":\"Impressum\"}]},{\"@type\":\"WebSite\",\"@id\":\"https:\/\/www.eroticagency.de\/#website\",\"url\":\"https:\/\/www.eroticagency.de\/\",\"name\":\"Erotic-Agency\",\"description\":\"You found what you are looking for\",\"potentialAction\":[{\"@type\":\"SearchAction\",\"target\":{\"@type\":\"EntryPoint\",\"urlTemplate\":\"https:\/\/www.eroticagency.de\/?s={search_term_string}\"},\"query-input\":{\"@type\":\"PropertyValueSpecification\",\"valueRequired\":true,\"valueName\":\"search_term_string\"}}],\"inLanguage\":\"de\"}]}<\/script>\n<!-- \/ Yoast SEO plugin. -->","yoast_head_json":{"title":"Impressum | Erotic-Agency","description":"portfolio from www.eroticshot.de","robots":{"index":"noindex","follow":"follow","max-snippet":"max-snippet:-1","max-image-preview":"max-image-preview:large","max-video-preview":"max-video-preview:-1"},"og_locale":"de_DE","og_type":"article","og_title":"Impressum | Erotic-Agency","og_description":"portfolio from www.eroticshot.de","og_url":"https:\/\/www.eroticagency.de\/index.php\/impressum\/","og_site_name":"Erotic-Agency","article_modified_time":"2025-02-05T22:01:52+00:00","twitter_card":"summary_large_image","twitter_misc":{"Gesch\u00e4tzte Lesezeit":"2\u00a0Minuten"},"schema":{"@context":"https:\/\/schema.org","@graph":[{"@type":"WebPage","@id":"https:\/\/www.eroticagency.de\/index.php\/impressum\/","url":"https:\/\/www.eroticagency.de\/index.php\/impressum\/","name":"Impressum | Erotic-Agency","isPartOf":{"@id":"https:\/\/www.eroticagency.de\/#website"},"datePublished":"2019-10-17T18:15:26+00:00","dateModified":"2025-02-05T22:01:52+00:00","description":"portfolio from www.eroticshot.de","breadcrumb":{"@id":"https:\/\/www.eroticagency.de\/index.php\/impressum\/#breadcrumb"},"inLanguage":"de","potentialAction":[{"@type":"ReadAction","target":["https:\/\/www.eroticagency.de\/index.php\/impressum\/"]}]},{"@type":"BreadcrumbList","@id":"https:\/\/www.eroticagency.de\/index.php\/impressum\/#breadcrumb","itemListElement":[{"@type":"ListItem","position":1,"name":"Startseite","item":"https:\/\/www.eroticagency.de\/"},{"@type":"ListItem","position":2,"name":"Impressum"}]},{"@type":"WebSite","@id":"https:\/\/www.eroticagency.de\/#website","url":"https:\/\/www.eroticagency.de\/","name":"Erotic-Agency","description":"You found what you are looking for","potentialAction":[{"@type":"SearchAction","target":{"@type":"EntryPoint","urlTemplate":"https:\/\/www.eroticagency.de\/?s={search_term_string}"},"query-input":{"@type":"PropertyValueSpecification","valueRequired":true,"valueName":"search_term_string"}}],"inLanguage":"de"}]}},"_links":{"self":[{"href":"https:\/\/www.eroticagency.de\/index.php\/wp-json\/wp\/v2\/pages\/67","targetHints":{"allow":["GET"]}}],"collection":[{"href":"https:\/\/www.eroticagency.de\/index.php\/wp-json\/wp\/v2\/pages"}],"about":[{"href":"https:\/\/www.eroticagency.de\/index.php\/wp-json\/wp\/v2\/types\/page"}],"author":[{"embeddable":true,"href":"https:\/\/www.eroticagency.de\/index.php\/wp-json\/wp\/v2\/users\/1"}],"replies":[{"embeddable":true,"href":"https:\/\/www.eroticagency.de\/index.php\/wp-json\/wp\/v2\/comments?post=67"}],"version-history":[{"count":56,"href":"https:\/\/www.eroticagency.de\/index.php\/wp-json\/wp\/v2\/pages\/67\/revisions"}],"predecessor-version":[{"id":679,"href":"https:\/\/www.eroticagency.de\/index.php\/wp-json\/wp\/v2\/pages\/67\/revisions\/679"}],"wp:attachment":[{"href":"https:\/\/www.eroticagency.de\/index.php\/wp-json\/wp\/v2\/media?parent=67"}],"curies":[{"name":"wp","href":"https:\/\/api.w.org\/{rel}","templated":true}]}}